{"id":51,"date":"2017-07-21T15:06:41","date_gmt":"2017-07-21T15:06:41","guid":{"rendered":"https:\/\/coffeecreamthemes.com\/anasenior\/?page_id=51"},"modified":"2025-02-10T20:41:02","modified_gmt":"2025-02-10T17:41:02","slug":"about-crossover-immigration-solutions","status":"publish","type":"page","link":"https:\/\/thecslaw.com\/es\/about-crossover-immigration-solutions\/","title":{"rendered":"Acerca de Chandoke Senior, P.A."},"content":{"rendered":"<p>[vc_row][vc_column width=\u00bb3\/12&#8243;][\/vc_column][vc_column width=\u00bb6\/12&#8243;][vc_column_text]<\/p>\n<h3 class=\"p1\">Ana, una Inmigrante Tambi\u00e9n<\/h3>\n<p class=\"p1\"><span class=\"s1\">Ana Senior,<span class=\"Apple-converted-space\">\u00a0 <\/span>nacida en Venezuela, es abogada licenciada en Orlando, Florida, especializada en derecho de inmigraci\u00f3n de los Estados Unidos. Asiste a extranjeros en la obtenci\u00f3n de visas a trav\u00e9s del empleo y el patrocinio familiar, casos de matrimonio, residencia permanente y naturalizaci\u00f3n. Con un fuerte enfoque en la inmigraci\u00f3n de negocios, Ana Senior representa frecuentemente a inversionistas extranjeros a trav\u00e9s de procesos de visas para inversionistas, lo cual la llev\u00f3 a realizar un LLM en Negocios en la Universidad de Alabama. A trav\u00e9s de estos estudios, Ana ha logrado perfeccionar sus habilidades de derecho empresarial.<\/span><\/p>\n<p class=\"p1\"><span class=\"s1\">Ana naci\u00f3 en Caracas, Venezuela y es hija de inmigrantes venezolanos. Como inmigrante, tiene una amplia comprensi\u00f3n sobre las complicaciones del proceso de inmigraci\u00f3n, desde la obtenci\u00f3n de una visa de no inmigrante hasta su propia Ceremonia de Juramento de Naturalizaci\u00f3n en 2006.<\/span><\/p>\n<p class=\"p1\"><span class=\"s1\">Ana recibi\u00f3 una Licenciatura en Ciencias de la Universidad de Florida, y Doctorado Juris de la Escuela de Derecho de la Universidad de Barry, en Orlando, Florida. Ana actualmente est\u00e1 cursando el Master de Leyes en la Universidad de Alabama.<\/span><\/p>\n<p class=\"p1\"><span class=\"s1\">La Abogada Ana Senior est\u00e1 autorizada para practicar el derecho en el Estado de Florida y en el Distrito Medio de Florida. Ana es tambi\u00e9n miembro de la Asociaci\u00f3n de Abogados de Inmigraci\u00f3n de Estados Unidos.<\/span><\/p>\n<h4><span class=\"s1\">Charlas<\/span><\/h4>\n<p><span class=\"s1\">Asociaci\u00f3n de Abogados del Condado de Orange &#8211; Inmigraci\u00f3n Empresarial: Ponente sobre Visas E-2 de Inversi\u00f3n<\/span><\/p>","protected":false},"excerpt":{"rendered":"<p>[vc_row][vc_column width=\u00bb3\/12&#8243;][\/vc_column][vc_column width=\u00bb6\/12&#8243;][vc_column_text] Ana, una Inmigrante Tambi\u00e9n Ana Senior,\u00a0 nacida en Venezuela, es abogada licenciada en Orlando, Florida, especializada en derecho de inmigraci\u00f3n de los Estados Unidos. Asiste a extranjeros en la obtenci\u00f3n de visas a trav\u00e9s del empleo y el patrocinio familiar, casos de matrimonio, residencia permanente y naturalizaci\u00f3n. Con un fuerte enfoque en &hellip;<br \/><a href=\"https:\/\/thecslaw.com\/es\/about-crossover-immigration-solutions\/\">Read More<\/a><\/p>\n","protected":false},"author":1,"featured_media":339,"parent":0,"menu_order":0,"comment_status":"closed","ping_status":"closed","template":"page-wide.php","meta":{"_exactmetrics_skip_tracking":false,"_exactmetrics_sitenote_active":false,"_exactmetrics_sitenote_note":"","_exactmetrics_sitenote_category":0,"footnotes":""},"class_list":["post-51","page","type-page","status-publish","has-post-thumbnail","hentry"],"yoast_head":"<!-- This site is optimized with the Yoast SEO plugin v19.6.1 - https:\/\/yoast.com\/wordpress\/plugins\/seo\/ -->\n<title>(ENG) About Ana Senior: Immigration Lawyer in Orlando, FL | Se Habla Espa\u00f1ol<\/title>\n<meta name=\"description\" content=\"(ENG) Ana Senior (Orlando, FL) specializes in US immigration law and business law with a Juris Doctorate from Barry University School of Law. Contact Ana today!\" \/>\n<meta name=\"robots\" content=\"index, follow, max-snippet:-1, max-image-preview:large, max-video-preview:-1\" \/>\n<link rel=\"canonical\" href=\"https:\/\/thecslaw.com\/about-crossover-immigration-solutions\/\" \/>\n<meta property=\"og:locale\" content=\"es_ES\" \/>\n<meta property=\"og:type\" content=\"article\" \/>\n<meta property=\"og:title\" content=\"[:en]About Ana Senior: Immigration Lawyer in Orlando, FL | Se Habla Espa\u00f1ol[:]\" \/>\n<meta property=\"og:description\" content=\"{:en}Ana Senior (Orlando, FL) specializes in US immigration law and business law with a Juris Doctorate from Barry University School of Law. Contact Ana today!{:}\" \/>\n<meta property=\"og:url\" content=\"https:\/\/thecslaw.com\/about-crossover-immigration-solutions\/\" \/>\n<meta property=\"og:site_name\" content=\"CROSSOVER IMMIGRATION SOLUTIONS, PA\" \/>\n<meta property=\"article:modified_time\" content=\"2025-02-10T17:41:02+00:00\" \/>\n<meta property=\"og:image\" content=\"https:\/\/thecslaw.com\/wp-content\/uploads\/2017\/07\/title-about.jpg\" \/>\n\t<meta property=\"og:image:width\" content=\"1600\" \/>\n\t<meta property=\"og:image:height\" content=\"544\" \/>\n\t<meta property=\"og:image:type\" content=\"image\/jpeg\" \/>\n<meta name=\"twitter:card\" content=\"summary\" \/>\n<meta name=\"twitter:label1\" content=\"Tiempo de lectura\" \/>\n\t<meta name=\"twitter:data1\" content=\"1 minuto\" \/>\n<script type=\"application\/ld+json\" class=\"yoast-schema-graph\">{\"@context\":\"https:\/\/schema.org\",\"@graph\":[{\"@type\":\"WebPage\",\"@id\":\"https:\/\/thecslaw.com\/about-crossover-immigration-solutions\/\",\"url\":\"https:\/\/thecslaw.com\/about-crossover-immigration-solutions\/\",\"name\":\"[:en]About Ana Senior: Immigration Lawyer in Orlando, FL | Se Habla Espa\u00f1ol[:]\",\"isPartOf\":{\"@id\":\"https:\/\/thecslaw.com\/#website\"},\"datePublished\":\"2017-07-21T15:06:41+00:00\",\"dateModified\":\"2025-02-10T17:41:02+00:00\",\"description\":\"{:en}Ana Senior (Orlando, FL) specializes in US immigration law and business law with a Juris Doctorate from Barry University School of Law. Contact Ana today!{:}\",\"breadcrumb\":{\"@id\":\"https:\/\/thecslaw.com\/about-crossover-immigration-solutions\/#breadcrumb\"},\"inLanguage\":\"es\",\"potentialAction\":[{\"@type\":\"ReadAction\",\"target\":[\"https:\/\/thecslaw.com\/about-crossover-immigration-solutions\/\"]}]},{\"@type\":\"BreadcrumbList\",\"@id\":\"https:\/\/thecslaw.com\/about-crossover-immigration-solutions\/#breadcrumb\",\"itemListElement\":[{\"@type\":\"ListItem\",\"position\":1,\"name\":\"Home\",\"item\":\"https:\/\/thecslaw.com\/\"},{\"@type\":\"ListItem\",\"position\":2,\"name\":\"About Crossover Immigration Solutions, P.A.\"}]},{\"@type\":\"WebSite\",\"@id\":\"https:\/\/thecslaw.com\/#website\",\"url\":\"https:\/\/thecslaw.com\/\",\"name\":\"CROSSOVER IMMIGRATION SOLUTIONS, PA\",\"description\":\"Immigration &amp; Business Law in Orlando, FL\",\"publisher\":{\"@id\":\"https:\/\/thecslaw.com\/#organization\"},\"potentialAction\":[{\"@type\":\"SearchAction\",\"target\":{\"@type\":\"EntryPoint\",\"urlTemplate\":\"https:\/\/thecslaw.com\/?s={search_term_string}\"},\"query-input\":\"required name=search_term_string\"}],\"inLanguage\":\"es\"},{\"@type\":\"Organization\",\"@id\":\"https:\/\/thecslaw.com\/#organization\",\"name\":\"Ana Senior Law, PA\",\"url\":\"https:\/\/thecslaw.com\/\",\"sameAs\":[],\"logo\":{\"@type\":\"ImageObject\",\"inLanguage\":\"es\",\"@id\":\"https:\/\/thecslaw.com\/#\/schema\/logo\/image\/\",\"url\":\"https:\/\/thecslaw.com\/wp-content\/uploads\/2017\/08\/Logo_Horizontal_Blue-Small.png\",\"contentUrl\":\"https:\/\/thecslaw.com\/wp-content\/uploads\/2017\/08\/Logo_Horizontal_Blue-Small.png\",\"width\":365,\"height\":351,\"caption\":\"Ana Senior Law, PA\"},\"image\":{\"@id\":\"https:\/\/thecslaw.com\/#\/schema\/logo\/image\/\"}}]}<\/script>\n<!-- \/ Yoast SEO plugin. -->","yoast_head_json":{"title":"(ENG) About Ana Senior: Immigration Lawyer in Orlando, FL | Se Habla Espa\u00f1ol","description":"(ENG) Ana Senior (Orlando, FL) specializes in US immigration law and business law with a Juris Doctorate from Barry University School of Law. Contact Ana today!","robots":{"index":"index","follow":"follow","max-snippet":"max-snippet:-1","max-image-preview":"max-image-preview:large","max-video-preview":"max-video-preview:-1"},"canonical":"https:\/\/thecslaw.com\/about-crossover-immigration-solutions\/","og_locale":"es_ES","og_type":"article","og_title":"[:en]About Ana Senior: Immigration Lawyer in Orlando, FL | Se Habla Espa\u00f1ol[:]","og_description":"{:en}Ana Senior (Orlando, FL) specializes in US immigration law and business law with a Juris Doctorate from Barry University School of Law. Contact Ana today!{:}","og_url":"https:\/\/thecslaw.com\/about-crossover-immigration-solutions\/","og_site_name":"CROSSOVER IMMIGRATION SOLUTIONS, PA","article_modified_time":"2025-02-10T17:41:02+00:00","og_image":[{"width":1600,"height":544,"url":"https:\/\/thecslaw.com\/wp-content\/uploads\/2017\/07\/title-about.jpg","type":"image\/jpeg"}],"twitter_card":"summary","twitter_misc":{"Tiempo de lectura":"1 minuto"},"schema":{"@context":"https:\/\/schema.org","@graph":[{"@type":"WebPage","@id":"https:\/\/thecslaw.com\/about-crossover-immigration-solutions\/","url":"https:\/\/thecslaw.com\/about-crossover-immigration-solutions\/","name":"[:en]About Ana Senior: Immigration Lawyer in Orlando, FL | Se Habla Espa\u00f1ol[:]","isPartOf":{"@id":"https:\/\/thecslaw.com\/#website"},"datePublished":"2017-07-21T15:06:41+00:00","dateModified":"2025-02-10T17:41:02+00:00","description":"{:en}Ana Senior (Orlando, FL) specializes in US immigration law and business law with a Juris Doctorate from Barry University School of Law. Contact Ana today!{:}","breadcrumb":{"@id":"https:\/\/thecslaw.com\/about-crossover-immigration-solutions\/#breadcrumb"},"inLanguage":"es","potentialAction":[{"@type":"ReadAction","target":["https:\/\/thecslaw.com\/about-crossover-immigration-solutions\/"]}]},{"@type":"BreadcrumbList","@id":"https:\/\/thecslaw.com\/about-crossover-immigration-solutions\/#breadcrumb","itemListElement":[{"@type":"ListItem","position":1,"name":"Home","item":"https:\/\/thecslaw.com\/"},{"@type":"ListItem","position":2,"name":"About Crossover Immigration Solutions, P.A."}]},{"@type":"WebSite","@id":"https:\/\/thecslaw.com\/#website","url":"https:\/\/thecslaw.com\/","name":"CROSSOVER IMMIGRATION SOLUTIONS, PA","description":"Immigration &amp; Business Law in Orlando, FL","publisher":{"@id":"https:\/\/thecslaw.com\/#organization"},"potentialAction":[{"@type":"SearchAction","target":{"@type":"EntryPoint","urlTemplate":"https:\/\/thecslaw.com\/?s={search_term_string}"},"query-input":"required name=search_term_string"}],"inLanguage":"es"},{"@type":"Organization","@id":"https:\/\/thecslaw.com\/#organization","name":"Ana Senior Law, PA","url":"https:\/\/thecslaw.com\/","sameAs":[],"logo":{"@type":"ImageObject","inLanguage":"es","@id":"https:\/\/thecslaw.com\/#\/schema\/logo\/image\/","url":"https:\/\/thecslaw.com\/wp-content\/uploads\/2017\/08\/Logo_Horizontal_Blue-Small.png","contentUrl":"https:\/\/thecslaw.com\/wp-content\/uploads\/2017\/08\/Logo_Horizontal_Blue-Small.png","width":365,"height":351,"caption":"Ana Senior Law, PA"},"image":{"@id":"https:\/\/thecslaw.com\/#\/schema\/logo\/image\/"}}]}},"_links":{"self":[{"href":"https:\/\/thecslaw.com\/es\/wp-json\/wp\/v2\/pages\/51","targetHints":{"allow":["GET"]}}],"collection":[{"href":"https:\/\/thecslaw.com\/es\/wp-json\/wp\/v2\/pages"}],"about":[{"href":"https:\/\/thecslaw.com\/es\/wp-json\/wp\/v2\/types\/page"}],"author":[{"embeddable":true,"href":"https:\/\/thecslaw.com\/es\/wp-json\/wp\/v2\/users\/1"}],"replies":[{"embeddable":true,"href":"https:\/\/thecslaw.com\/es\/wp-json\/wp\/v2\/comments?post=51"}],"version-history":[{"count":23,"href":"https:\/\/thecslaw.com\/es\/wp-json\/wp\/v2\/pages\/51\/revisions"}],"predecessor-version":[{"id":553,"href":"https:\/\/thecslaw.com\/es\/wp-json\/wp\/v2\/pages\/51\/revisions\/553"}],"wp:featuredmedia":[{"embeddable":true,"href":"https:\/\/thecslaw.com\/es\/wp-json\/wp\/v2\/media\/339"}],"wp:attachment":[{"href":"https:\/\/thecslaw.com\/es\/wp-json\/wp\/v2\/media?parent=51"}],"curies":[{"name":"wp","href":"https:\/\/api.w.org\/{rel}","templated":true}]}}