{"id":49,"date":"2017-07-21T15:05:43","date_gmt":"2017-07-21T15:05:43","guid":{"rendered":"https:\/\/coffeecreamthemes.com\/anasenior\/?page_id=49"},"modified":"2025-02-10T20:16:34","modified_gmt":"2025-02-10T17:16:34","slug":"business-law","status":"publish","type":"page","link":"https:\/\/thecslaw.com\/es\/business-law\/","title":{"rendered":"Derecho Empresarial"},"content":{"rendered":"<p>[vc_row css=\u00bb.vc_custom_1501240572005{padding-top: 50px !important;}\u00bb][vc_column width=\u00bb2\/3&#8243; el_class=\u00bbmain-column\u00bb][vc_column_text]<\/p>\n<h3>Establecimiento de un Negocio<\/h3>\n<p class=\"p1\"><span class=\"s1\">Existen diferentes tipos de entidades de comercio disponibles para operar negocios en los Estados Unidos pero, \u00bfCu\u00e1l estructura es mejor para Usted? <\/span><\/p>\n<p class=\"p1\"><span class=\"s1\">A pesar de su status legal en los Estados Unidos, Usted puede crear una compa\u00f1\u00eda e invertir. Existen l\u00edmites en cuanto a cuan involucrado pueda estar en su compa\u00f1\u00eda. Por ejemplo, para calificar para una visa H-1B su compa\u00f1\u00eda puede necesitar estar conformada de tal forma que Usted sea un empleado de buena fe sin estar involucrado en la gerencia de la misma. Para una visa E-2<span class=\"Apple-converted-space\">\u00a0 <\/span>Inversor por Tratados Comerciales, debe mostrar control de la gerencia de la compa\u00f1\u00eda. La visa L-1 requiere mantener una relaci\u00f3n calificada con una compa\u00f1\u00eda extranjera.<\/span><\/p>\n<h3>Oportunidades y Situaci\u00f3n Jur\u00eddica<\/h3>\n<p class=\"p1\"><span class=\"s1\">Adem\u00e1s, es imperativo que consulte a un abogado de inmigraci\u00f3n de inmediato si se han presentado nuevas oportunidades de negocio amenazando la validez de su estatus legal. A menudo los inversionistas extranjeros buscan nuevas inversiones despu\u00e9s de la aprobaci\u00f3n de la visa, o cambios en los intereses de la propiedad. Cualquier cambio puede afectar la validez de su visa o estado. La Abogada Ana Senior puede evaluar su caso para que Usted pueda buscar nuevas oportunidades dentro de los l\u00edmites de su estatus legal.<\/span><\/p>\n<h3>C\u00f3mo Podemos Ayudar<\/h3>\n<p class=\"p1\"><span class=\"s1\">Mientras que una compa\u00f1\u00eda de responsabilidad limitada (LLC, por sus siglas en ingl\u00e9s) ofrece flexibilidad, \u00bfes eso preferible a una compa\u00f1\u00eda que atienda sus necesidades espec\u00edficas? <\/span><\/p>\n<p class=\"p1\"><span class=\"s1\"><a href=\"https:\/\/thecslaw.com\/es\/contact\/\">Contacta<\/a> a la abogada Ana Senior para una evaluaci\u00f3n de su negocio actual o posibles negocios para que se adhiera a las leyes de Inmigraci\u00f3n federal mientras establece el empleo o negocio en los Estados Unidos.<\/span><\/p>\n<h3>Redacci\u00f3n de Contratos<\/h3>\n<p>Los contratos son importantes para cualquier persona o empresa que participe en una transacci\u00f3n. Un contrato permite a todos los involucrados en una transacci\u00f3n saber qu\u00e9 se supone que deben hacer y cu\u00e1ndo o c\u00f3mo se supone que deben hacerlo. Tambi\u00e9n facilita la resoluci\u00f3n de cualquier problema que pueda surgir de esa transacci\u00f3n. Una vez que las partes lo ejecutan completamente, el contrato sirve como una herramienta legalmente vinculante que puede servir como prueba de la intenci\u00f3n de cada parte con respecto a la transacci\u00f3n.<\/p>\n<h3>LLC e incorporaci\u00f3n de negocios:<\/h3>\n<p>La formaci\u00f3n comercial formal es un paso necesario al comenzar un nuevo negocio. Al incorporar un negocio, es importante determinar varios factores sobre el negocio en general y c\u00f3mo funcionar\u00e1. Algunos factores que justifican una consideraci\u00f3n importante al incorporar su negocio son el tipo de estructura corporativa que necesitar\u00e1, las ventajas impositivas frente a las desventajas y c\u00f3mo se pagar\u00e1n, as\u00ed como la posible responsabilidad de los miembros controladores o ejecutivos. Hay varias ventajas para incorporar su negocio. P\u00f3ngase en contacto con Chandoke Senior para obtener m\u00e1s informaci\u00f3n sobre sus primeros pasos para incorporar su negocio.<\/p>\n<p class=\"p3\">Los servicios incluyen:<\/p>\n<ul class=\"ul1\">\n<li class=\"li3\"><span class=\"s1\">Limited Liability Company (LLC) Incorporation<\/span><\/li>\n<li class=\"li3\">Asociaciones<\/li>\n<li class=\"li3\">Corporaciones<\/li>\n<li class=\"li3\">Corporaciones sin fines de lucro<\/li>\n<li class=\"li3\"><span class=\"s1\">Limited Liability Partnership (LLP) Incorporation<\/span><\/li>\n<li class=\"li3\"><span class=\"s1\">Limited Partnership (LP) Incorporation<\/span><\/li>\n<li class=\"li3\">Acuerdos Operativos<\/li>\n<\/ul>\n<p>[\/vc_column_text]<div class=\"reviews\"><div class=\"owl-carousel\"><div class=\"item\"><blockquote><p class=\"qtranxs-available-languages-message qtranxs-available-languages-message-es\">Disculpa, pero esta entrada est\u00e1 disponible s\u00f3lo en <a href=\"https:\/\/thecslaw.com\/en\/wp-json\/wp\/v2\/pages\/49\" class=\"qtranxs-available-language-link qtranxs-available-language-link-en\" title=\"ENG\">ENG<\/a>.<\/p><\/blockquote><\/div><div class=\"item\"><blockquote><p class=\"qtranxs-available-languages-message qtranxs-available-languages-message-es\">Disculpa, pero esta entrada est\u00e1 disponible s\u00f3lo en <a href=\"https:\/\/thecslaw.com\/en\/wp-json\/wp\/v2\/pages\/49\" class=\"qtranxs-available-language-link qtranxs-available-language-link-en\" title=\"ENG\">ENG<\/a>.<\/p><\/blockquote><\/div><div class=\"item\"><blockquote><p class=\"qtranxs-available-languages-message qtranxs-available-languages-message-es\">Disculpa, pero esta entrada est\u00e1 disponible s\u00f3lo en <a href=\"https:\/\/thecslaw.com\/en\/wp-json\/wp\/v2\/pages\/49\" class=\"qtranxs-available-language-link qtranxs-available-language-link-en\" title=\"ENG\">ENG<\/a>.<\/p><\/blockquote><\/div><\/div><p>Click Avvo to See More Reviews<\/p><a href=\"https:\/\/www.avvo.com\/attorneys\/32811-fl-ana-senior-4581829.html\"><img loading=\"lazy\" decoding=\"async\" src=\"https:\/\/thecslaw.com\/wp-content\/themes\/anasenior\/assets\/images\/avvo-black.png\" alt=\"Ana Senior on Avvo\" width=\"101\" height=\"29\" \/><\/a><\/div>[\/vc_column][vc_column width=\u00bb1\/3&#8243; el_class=\u00bbsidebar\u00bb]<div class='news-cover'><h2><span>Nuestro<\/span> Blog<\/h2><a href='http:\/\/anaseniorlaw.com\/es\/latest-news\/' class='btn-corner btn-corner-yellow'>Ver<\/a><\/div><div class='news'><div class=\"post\"><div class=\"post clearfix\">\n\t<a href=\"https:\/\/thecslaw.com\/es\/daca-announcement-2017\/\" rel=\"bookmark\">\n\t\t\t<\/a>\n    <div class=\"post-content\">\n\t\t<h3 class=\"post-title\"><a href=\"https:\/\/thecslaw.com\/es\/daca-announcement-2017\/\" rel=\"bookmark\">DACA Announcement 2017<\/a><\/h3>        <div class=\"post-meta\">In <a href=\"https:\/\/thecslaw.com\/es\/category\/immigration\/\" rel=\"category tag\">Immigration<\/a><\/div>\n        <div class=\"post-date\"><time class=\"entry-date published updated\" datetime=\"2017-09-06T17:58:45+00:00\">06 de September de 2017<\/time><\/div>\n        <div class=\"post-summary\"><p>Disculpa, pero esta entrada est\u00e1 disponible s\u00f3lo en ENG.<\/p>\n<\/div>\n    <\/div>\n<\/div><\/div><\/div>[\/vc_column][\/vc_row][vc_row][vc_column]<section class='cta-small'>\n    <div class='container'>\n        <div class='cta' style='background-image: url(https:\/\/thecslaw.com\/wp-content\/uploads\/2017\/07\/cta-mountain.jpg);'>\n            <h2>NO ESPERE. EMPEZAR<\/h2>\n            <p><strong>Vuelve a hacer lo que amas<\/strong><\/p>\n            <p><a href='http:\/\/anaseniorlaw.com\/es\/contact\/' class='btn btn-white'>Cont\u00e1ctenos<\/a><\/p>\n            <p><small><a href='http:\/\/anaseniorlaw.com\/en\/business-law\/'>We Speak English<\/a><\/small><\/p>\n        <\/div>\n    <\/div>\n<\/section>[\/vc_column][\/vc_row][vc_row][vc_column width=\u00bb1\/12&#8243;][\/vc_column][vc_column width=\u00bb5\/12&#8243;]<div class='content-box'>\n    <h2>\n        <span class='small'>Sigue leyendo<\/span>\n        Derecho de\n        <span class='yellow'>Inmigraci\u00f3n<\/span>\n    <\/h2>\n    <a href='http:\/\/anaseniorlaw.com\/es\/immigration-law\/' class='btn-corner btn-corner-blue'>Aprender m\u00e1s<\/a>\n<\/div>[\/vc_column][vc_column width=\u00bb5\/12&#8243;]<div class='content-box'>\n    <h2>\n        <span class='small'>Sigue leyendo<\/span>\n        derecho de\n        <span class='yellow'>Planificaci\u00f3n Patrimonial<\/span>\n    <\/h2>\n    <a href='http:\/\/thecslaw.com\/es\/estate-planning\/' class='btn-corner btn-corner-blue'>Aprender m\u00e1s<\/a>\n<\/div>[\/vc_column][vc_column width=\u00bb1\/12&#8243;][\/vc_column][\/vc_row]<\/p>","protected":false},"excerpt":{"rendered":"<p>[vc_row css=\u00bb.vc_custom_1501240572005{padding-top: 50px !important;}\u00bb][vc_column width=\u00bb2\/3&#8243; el_class=\u00bbmain-column\u00bb][vc_column_text] Establecimiento de un Negocio Existen diferentes tipos de entidades de comercio disponibles para operar negocios en los Estados Unidos pero, \u00bfCu\u00e1l estructura es mejor para Usted? A pesar de su status legal en los Estados Unidos, Usted puede crear una compa\u00f1\u00eda e invertir. Existen l\u00edmites en cuanto a cuan &hellip;<br \/><a href=\"https:\/\/thecslaw.com\/es\/daca-announcement-2017\/\">Read More<\/a><\/p>\n","protected":false},"author":1,"featured_media":337,"parent":0,"menu_order":0,"comment_status":"closed","ping_status":"closed","template":"page-wide.php","meta":{"_exactmetrics_skip_tracking":false,"_exactmetrics_sitenote_active":false,"_exactmetrics_sitenote_note":"","_exactmetrics_sitenote_category":0,"footnotes":""},"class_list":["post-49","page","type-page","status-publish","has-post-thumbnail","hentry"],"yoast_head":"<!-- This site is optimized with the Yoast SEO plugin v19.6.1 - https:\/\/yoast.com\/wordpress\/plugins\/seo\/ -->\n<title>Derecho Empresarial - CROSSOVER IMMIGRATION SOLUTIONS, PA<\/title>\n<meta name=\"robots\" content=\"index, follow, max-snippet:-1, max-image-preview:large, max-video-preview:-1\" \/>\n<link rel=\"canonical\" href=\"https:\/\/thecslaw.com\/business-law\/\" \/>\n<meta property=\"og:locale\" content=\"es_ES\" \/>\n<meta property=\"og:type\" content=\"article\" \/>\n<meta property=\"og:title\" content=\"Derecho Empresarial - CROSSOVER IMMIGRATION SOLUTIONS, PA\" \/>\n<meta property=\"og:description\" content=\"[vc_row css=\u00bb.vc_custom_1501240572005{padding-top: 50px !important;}\u00bb][vc_column width=\u00bb2\/3&#8243; el_class=\u00bbmain-column\u00bb][vc_column_text] Establecimiento de un Negocio Existen diferentes tipos de entidades de comercio disponibles para operar negocios en los Estados Unidos pero, \u00bfCu\u00e1l estructura es mejor para Usted? A pesar de su status legal en los Estados Unidos, Usted puede crear una compa\u00f1\u00eda e invertir. Existen l\u00edmites en cuanto a cuan &hellip;Read More\" \/>\n<meta property=\"og:url\" content=\"https:\/\/thecslaw.com\/business-law\/\" \/>\n<meta property=\"og:site_name\" content=\"CROSSOVER IMMIGRATION SOLUTIONS, PA\" \/>\n<meta property=\"article:modified_time\" content=\"2025-02-10T17:16:34+00:00\" \/>\n<meta property=\"og:image\" content=\"https:\/\/thecslaw.com\/wp-content\/uploads\/2017\/07\/title-business.jpg\" \/>\n\t<meta property=\"og:image:width\" content=\"1381\" \/>\n\t<meta property=\"og:image:height\" content=\"545\" \/>\n\t<meta property=\"og:image:type\" content=\"image\/jpeg\" \/>\n<meta name=\"twitter:card\" content=\"summary\" \/>\n<meta name=\"twitter:label1\" content=\"Tiempo de lectura\" \/>\n\t<meta name=\"twitter:data1\" content=\"3 minutos\" \/>\n<script type=\"application\/ld+json\" class=\"yoast-schema-graph\">{\"@context\":\"https:\/\/schema.org\",\"@graph\":[{\"@type\":\"WebPage\",\"@id\":\"https:\/\/thecslaw.com\/business-law\/\",\"url\":\"https:\/\/thecslaw.com\/business-law\/\",\"name\":\"Derecho Empresarial - CROSSOVER IMMIGRATION SOLUTIONS, PA\",\"isPartOf\":{\"@id\":\"https:\/\/thecslaw.com\/#website\"},\"datePublished\":\"2017-07-21T15:05:43+00:00\",\"dateModified\":\"2025-02-10T17:16:34+00:00\",\"breadcrumb\":{\"@id\":\"https:\/\/thecslaw.com\/business-law\/#breadcrumb\"},\"inLanguage\":\"es\",\"potentialAction\":[{\"@type\":\"ReadAction\",\"target\":[\"https:\/\/thecslaw.com\/business-law\/\"]}]},{\"@type\":\"BreadcrumbList\",\"@id\":\"https:\/\/thecslaw.com\/business-law\/#breadcrumb\",\"itemListElement\":[{\"@type\":\"ListItem\",\"position\":1,\"name\":\"Home\",\"item\":\"https:\/\/thecslaw.com\/\"},{\"@type\":\"ListItem\",\"position\":2,\"name\":\"Business Law\"}]},{\"@type\":\"WebSite\",\"@id\":\"https:\/\/thecslaw.com\/#website\",\"url\":\"https:\/\/thecslaw.com\/\",\"name\":\"CROSSOVER IMMIGRATION SOLUTIONS, PA\",\"description\":\"Immigration &amp; Business Law in Orlando, FL\",\"publisher\":{\"@id\":\"https:\/\/thecslaw.com\/#organization\"},\"potentialAction\":[{\"@type\":\"SearchAction\",\"target\":{\"@type\":\"EntryPoint\",\"urlTemplate\":\"https:\/\/thecslaw.com\/?s={search_term_string}\"},\"query-input\":\"required name=search_term_string\"}],\"inLanguage\":\"es\"},{\"@type\":\"Organization\",\"@id\":\"https:\/\/thecslaw.com\/#organization\",\"name\":\"Ana Senior Law, PA\",\"url\":\"https:\/\/thecslaw.com\/\",\"sameAs\":[],\"logo\":{\"@type\":\"ImageObject\",\"inLanguage\":\"es\",\"@id\":\"https:\/\/thecslaw.com\/#\/schema\/logo\/image\/\",\"url\":\"https:\/\/thecslaw.com\/wp-content\/uploads\/2017\/08\/Logo_Horizontal_Blue-Small.png\",\"contentUrl\":\"https:\/\/thecslaw.com\/wp-content\/uploads\/2017\/08\/Logo_Horizontal_Blue-Small.png\",\"width\":365,\"height\":351,\"caption\":\"Ana Senior Law, PA\"},\"image\":{\"@id\":\"https:\/\/thecslaw.com\/#\/schema\/logo\/image\/\"}}]}<\/script>\n<!-- \/ Yoast SEO plugin. -->","yoast_head_json":{"title":"Derecho Empresarial - CROSSOVER IMMIGRATION SOLUTIONS, PA","robots":{"index":"index","follow":"follow","max-snippet":"max-snippet:-1","max-image-preview":"max-image-preview:large","max-video-preview":"max-video-preview:-1"},"canonical":"https:\/\/thecslaw.com\/business-law\/","og_locale":"es_ES","og_type":"article","og_title":"Derecho Empresarial - CROSSOVER IMMIGRATION SOLUTIONS, PA","og_description":"[vc_row css=\u00bb.vc_custom_1501240572005{padding-top: 50px !important;}\u00bb][vc_column width=\u00bb2\/3&#8243; el_class=\u00bbmain-column\u00bb][vc_column_text] Establecimiento de un Negocio Existen diferentes tipos de entidades de comercio disponibles para operar negocios en los Estados Unidos pero, \u00bfCu\u00e1l estructura es mejor para Usted? A pesar de su status legal en los Estados Unidos, Usted puede crear una compa\u00f1\u00eda e invertir. Existen l\u00edmites en cuanto a cuan &hellip;Read More","og_url":"https:\/\/thecslaw.com\/business-law\/","og_site_name":"CROSSOVER IMMIGRATION SOLUTIONS, PA","article_modified_time":"2025-02-10T17:16:34+00:00","og_image":[{"width":1381,"height":545,"url":"https:\/\/thecslaw.com\/wp-content\/uploads\/2017\/07\/title-business.jpg","type":"image\/jpeg"}],"twitter_card":"summary","twitter_misc":{"Tiempo de lectura":"3 minutos"},"schema":{"@context":"https:\/\/schema.org","@graph":[{"@type":"WebPage","@id":"https:\/\/thecslaw.com\/business-law\/","url":"https:\/\/thecslaw.com\/business-law\/","name":"Derecho Empresarial - CROSSOVER IMMIGRATION SOLUTIONS, PA","isPartOf":{"@id":"https:\/\/thecslaw.com\/#website"},"datePublished":"2017-07-21T15:05:43+00:00","dateModified":"2025-02-10T17:16:34+00:00","breadcrumb":{"@id":"https:\/\/thecslaw.com\/business-law\/#breadcrumb"},"inLanguage":"es","potentialAction":[{"@type":"ReadAction","target":["https:\/\/thecslaw.com\/business-law\/"]}]},{"@type":"BreadcrumbList","@id":"https:\/\/thecslaw.com\/business-law\/#breadcrumb","itemListElement":[{"@type":"ListItem","position":1,"name":"Home","item":"https:\/\/thecslaw.com\/"},{"@type":"ListItem","position":2,"name":"Business Law"}]},{"@type":"WebSite","@id":"https:\/\/thecslaw.com\/#website","url":"https:\/\/thecslaw.com\/","name":"CROSSOVER IMMIGRATION SOLUTIONS, PA","description":"Immigration &amp; Business Law in Orlando, FL","publisher":{"@id":"https:\/\/thecslaw.com\/#organization"},"potentialAction":[{"@type":"SearchAction","target":{"@type":"EntryPoint","urlTemplate":"https:\/\/thecslaw.com\/?s={search_term_string}"},"query-input":"required name=search_term_string"}],"inLanguage":"es"},{"@type":"Organization","@id":"https:\/\/thecslaw.com\/#organization","name":"Ana Senior Law, PA","url":"https:\/\/thecslaw.com\/","sameAs":[],"logo":{"@type":"ImageObject","inLanguage":"es","@id":"https:\/\/thecslaw.com\/#\/schema\/logo\/image\/","url":"https:\/\/thecslaw.com\/wp-content\/uploads\/2017\/08\/Logo_Horizontal_Blue-Small.png","contentUrl":"https:\/\/thecslaw.com\/wp-content\/uploads\/2017\/08\/Logo_Horizontal_Blue-Small.png","width":365,"height":351,"caption":"Ana Senior Law, PA"},"image":{"@id":"https:\/\/thecslaw.com\/#\/schema\/logo\/image\/"}}]}},"_links":{"self":[{"href":"https:\/\/thecslaw.com\/es\/wp-json\/wp\/v2\/pages\/49","targetHints":{"allow":["GET"]}}],"collection":[{"href":"https:\/\/thecslaw.com\/es\/wp-json\/wp\/v2\/pages"}],"about":[{"href":"https:\/\/thecslaw.com\/es\/wp-json\/wp\/v2\/types\/page"}],"author":[{"embeddable":true,"href":"https:\/\/thecslaw.com\/es\/wp-json\/wp\/v2\/users\/1"}],"replies":[{"embeddable":true,"href":"https:\/\/thecslaw.com\/es\/wp-json\/wp\/v2\/comments?post=49"}],"version-history":[{"count":27,"href":"https:\/\/thecslaw.com\/es\/wp-json\/wp\/v2\/pages\/49\/revisions"}],"predecessor-version":[{"id":554,"href":"https:\/\/thecslaw.com\/es\/wp-json\/wp\/v2\/pages\/49\/revisions\/554"}],"wp:featuredmedia":[{"embeddable":true,"href":"https:\/\/thecslaw.com\/es\/wp-json\/wp\/v2\/media\/337"}],"wp:attachment":[{"href":"https:\/\/thecslaw.com\/es\/wp-json\/wp\/v2\/media?parent=49"}],"curies":[{"name":"wp","href":"https:\/\/api.w.org\/{rel}","templated":true}]}}