{"id":47,"date":"2017-07-21T15:05:29","date_gmt":"2017-07-21T15:05:29","guid":{"rendered":"https:\/\/coffeecreamthemes.com\/anasenior\/?page_id=47"},"modified":"2025-02-10T20:31:43","modified_gmt":"2025-02-10T17:31:43","slug":"immigration-law","status":"publish","type":"page","link":"https:\/\/thecslaw.com\/es\/immigration-law\/","title":{"rendered":"Derecho de Inmigraci\u00f3n"},"content":{"rendered":"<p>[vc_row css=\u00bb.vc_custom_1501239763915{padding-top: 50px !important;}\u00bb][vc_column width=\u00bb2\/3&#8243; el_class=\u00bbmain-column\u00bb][vc_column_text]<\/p>\n<h3>Consultas de Inmigraci\u00f3n<\/h3>\n<p class=\"p1\"><span class=\"s1\">Ubicados en Orlando, FL, Chandoke Senior, P.A., puede representarlo desde cualquier parte del mundo para todas sus necesidades de inmigraci\u00f3n. Contacte a la Abogada Chandoke Senior hoy para<span class=\"Apple-converted-space\">\u00a0 <\/span>estructurar el mejor plan de inmigraci\u00f3n para Usted y su familia, y as\u00ed podamos darle la bienvenida a casa!<\/span><\/p>\n<p class=\"p1\"><strong><span class=\"s1\">Consulte con la Abogada Chandoke Senior hoy para representaci\u00f3n en cualquiera de los siguientes procesos: <\/span><\/strong><\/p>\n<ul>\n<li class=\"li1\"><span class=\"s2\">Visas de Negocio (L-1)<\/span><\/li>\n<li class=\"li1\"><span class=\"s2\">Visas de Inversi\u00f3n (E-2, EB-5)<\/span><\/li>\n<li class=\"li1\"><span class=\"s2\">Proceso de Visa de Prometidos <\/span><\/li>\n<li class=\"li1\"><span class=\"s2\">Casos basados en el matrimonio, incluyendo casos de matrimonios del mismo sexo<\/span><\/li>\n<li class=\"li1\"><span class=\"s2\">Capacidad Extraordinaria (O-1, EB-1)<\/span><\/li>\n<li class=\"li1\"><span class=\"s2\">Naturalizaci\u00f3n<\/span><\/li>\n<li class=\"li1\"><span class=\"s2\">Visas basadas en Empleos<\/span><\/li>\n<li class=\"li1\"><span class=\"s2\">Procesos Consulares<\/span><\/li>\n<li class=\"li1\"><span class=\"s2\">Peticiones familiares<\/span><\/li>\n<li class=\"li1\"><span class=\"s2\">Asilo<\/span><\/li>\n<li class=\"li1\"><span class=\"s2\">Remoci\u00f3n de condiciones<\/span><\/li>\n<li class=\"li1\"><span class=\"s2\">Acci\u00f3n Diferida para llegados en la Infancia (DACA, por sus siglas en ingl\u00e9s) <\/span><\/li>\n<li class=\"li1\"><span class=\"s2\">Estado de Protecci\u00f3n Temporal (TPS, por sus siglas en ingl\u00e9s)<\/span><\/li>\n<li class=\"li1\"><span class=\"s2\">Visas de Estudiantes<\/span><\/li>\n<li class=\"li1\"><span class=\"s2\">Execion Provisional por Presencia Ilegal<br \/>\n<\/span><\/li>\n<\/ul>\n<div id=\"investment-visas\"><\/div>\n<hr \/>\n<h3>Inversi\u00f3n y Visas de Negocios<\/h3>\n<p class=\"p1\"><span class=\"s1\">Existen varios veh\u00edculos para la inversi\u00f3n en los Estados Unidos, incluyendo las visas L-1, E-1\/E-2 Visa de Inversionista por Tratados Comerciales, y la visa EB-5.<\/span><\/p>\n<p class=\"p1\"><strong><span class=\"s1\">L-1: Transferencia dentro de la compa\u00f1\u00eda<\/span><\/strong><\/p>\n<p class=\"p1\"><span class=\"s1\">Una visa de doble intenci\u00f3n que proporciona una v\u00eda directa a la residencia para los transferidos dentro de la compa\u00f1\u00eda. La visa L-1 est\u00e1 destinada a los gerentes o ejecutivos de una compa\u00f1\u00eda extranjera para ser transferidos a una subsidiaria, franquicia u oficina afiliada en los Estados Unidos. La visa L-1 permite a las compa\u00f1\u00edas la posibilidad de expandirse dentro de los Estados Unidos, mientras proporciona a las empresas internacionales ya establecidas la posibilidad de transferir a sus empleados en caso de ser necesario.<\/span><\/p>\n<p class=\"p1\"><strong><span class=\"s1\">Beneficios familiares:<\/span><\/strong><\/p>\n<ul>\n<li class=\"li1\"><span class=\"s2\">Permiso de trabajo para c\u00f3nyuges dependientes<\/span><\/li>\n<li class=\"li1\"><span class=\"s2\">Los ni\u00f1os menores de 21 a\u00f1os pueden acompa\u00f1arlo y asistir a la escuela<\/span><\/li>\n<\/ul>\n<p class=\"p1\"><span class=\"s1\">Una sub-categor\u00eda de la L-1A Ejecutivos y Gerentes es la L-1B para aquellos con conocimientos especializados. Si su empleador tiene una relaci\u00f3n valida con una compa\u00f1\u00eda de los Estados Unidos, contacte a la Abogada Chandoke Senior para un an\u00e1lisis de su caso y evaluar si esta v\u00eda puede ser una opci\u00f3n para Usted.<\/span><\/p>\n<h3 class=\"p1\"><span class=\"s1\">E-2 Visa para Inversores por Tratados de Comercio<\/span><\/h3>\n<p class=\"p1\"><span class=\"s1\">La visa E-2 permite a nacionales de los pa\u00edses con Tratados de Comercio a invertir y operar un negocio en los Estados Unidos. Una lista de los pa\u00edses que mantienen estos Tratados puede encontrarse a trav\u00e9s del Departamento de Estado de los Estados Unidos. Es un \u00e1rea de pr\u00e1ctica cambiante, ya que los Consulados cambian constantemente sus decisiones y las cantidades de inversi\u00f3n requeridas. La visa E-2 NO tiene un monto m\u00ednimo de inversi\u00f3n y requiere una inversi\u00f3n en un negocio \u00abactivo\u00bb, lo que deja mucha discreci\u00f3n al funcionario consular. Por lo que, Usted como inversor debe estar completamente preparado para defender adecuadamente su caso frente a un funcionario consular. La Abogada Chandoke Senior dedica gran parte de su tiempo a prepararlo para la entrevista mientras te informa sobre nuevos temas que pueden surgir.<\/span><\/p>\n<p class=\"p1\"><span class=\"s1\">La abogada Chandoke Senior tiene una amplia experiencia trabajando con varios consulados de los Estados Unidos representando clientes con el proceso de visa E-2. Es imprescindible mantenerse informado sobre los cambios y tendencias internacionales con los diversos consulados de EE.UU. para el \u00e9xito con la visa E-2.<\/span><\/p>\n<p class=\"p1\"><strong><span class=\"s1\">Beneficios Familiares:<\/span><\/strong><\/p>\n<ul>\n<li class=\"li1\"><span class=\"s2\">Permiso de trabajo para c\u00f3nyuges dependientes<\/span><\/li>\n<li class=\"li1\"><span class=\"s2\">Los ni\u00f1os menores de 21 a\u00f1os pueden acompa\u00f1arlo y asistir a la escuela<\/span><\/li>\n<\/ul>\n<div id=\"preguntas\"><\/div>\n<p class=\"p1\"><span class=\"s1\">Preguntas y Respuestas:<\/span><\/p>\n<p id=\"tw-target-text\" class=\"tw-data-text tw-ta tw-text-small\" dir=\"ltr\" data-placeholder=\"Translation\"><span lang=\"es\">Haga clic para expandir y ver la respuesta a la pregunta<\/span><\/p>\n<p>[\/vc_column_text][vc_tta_accordion active_section=\u00bb1&#8243; el_id=\u00bbpreguntas\u00bb][vc_tta_section title=\u00bb\u00bfPuede mi hijo asistir a la escuela mientras est\u00e9 en los Estados Unidos?\u00bb tab_id=\u00bb1500902637351-741c8c8a-5533&#8243;][vc_column_text]<\/p>\n<p class=\"p1\"><span class=\"s1\">Los ni\u00f1os s\u00f3lo pueden asistir a la escuela bajo la clase de visa apropiada. Es imperativo que consulte con un abogado de inmigraci\u00f3n antes de inscribir a su hijo en la escuela, especialmente si est\u00e1 en los Estados Unidos con una visa de turista B1 \/ B2.<\/span><\/p>\n<p>[\/vc_column_text][\/vc_tta_section][vc_tta_section title=\u00bb\u00bfQu\u00e9 puedo hacer si mi solicitud de ciudadan\u00eda ha estado pendiente por m\u00e1s de un a\u00f1o?\u00bb tab_id=\u00bb1500902637542-f732b622-0024&#8243;][vc_column_text]<\/p>\n<p class=\"p1\"><span class=\"s1\">Realmente, una decisi\u00f3n sobre su aplicaci\u00f3n de ciudadan\u00eda debe ser tomada en no m\u00e1s de 120 d\u00edas despu\u00e9s de su entrevista \/ fecha del examen. P\u00f3ngase en contacto con la abogada Chandoke Senior para obtener posibles soluciones a trav\u00e9s del sistema de tribunales federales.<\/span><\/p>\n<p>[\/vc_column_text][\/vc_tta_section][vc_tta_section title=\u00bb\u00bfSi me caso con mi pareja del mismo sexo, \u00bfpuedo solicitar la residencia?\u00bb tab_id=\u00bb1500902705040-4c24f27d-3a10&#8243;][vc_column_text]<\/p>\n<p class=\"p1\"><span class=\"s1\">S\u00ed, los matrimonios del mismo sexo son reconocidos a los fines de inmigraci\u00f3n. P\u00f3ngase en contacto con la abogada Chandoke Senior hoy para revisar el proceso paso a paso. <\/span><\/p>\n<p>[\/vc_column_text][\/vc_tta_section][vc_tta_section title=\u00bb\u00bfQu\u00e9 puedo hacer si no ten\u00eda una visa cuando entre a los Estados Unidos pero estoy casado con un ciudadano americano?\u00bb tab_id=\u00bb1500902771913-385cafaf-c85b\u00bb][vc_column_text]<\/p>\n<p class=\"p1\"><span class=\"s1\">Hay un camino a la legalizaci\u00f3n a trav\u00e9s de su matrimonio de buena fe. Este proceso es complejo y tiene varios pasos. No pierda m\u00e1s tiempo y p\u00f3ngase en contacto con Chandoke Senior hoy para revisar sus circunstancias espec\u00edficas de elegibilidad.<\/span><\/p>\n<p>[\/vc_column_text][\/vc_tta_section][vc_tta_section title=\u00bb\u00bfPuedo apelar una solicitud de Ciudadan\u00eda N-400 negada?\u00bb tab_id=\u00bb1500902865349-88f7707d-70da\u00bb][vc_column_text]<\/p>\n<p class=\"p1\"><span class=\"s1\">S\u00ed. Una solicitud N-400 de ciudadan\u00eda negada es apelable. Sin embargo, en algunas circunstancias es mejor volver a aplicar. P\u00f3ngase en contacto conmigo hoy para que pueda proporcionarle los pros y los contras de cada opci\u00f3n.<\/span><\/p>\n<p>[\/vc_column_text][\/vc_tta_section][vc_tta_section title=\u00bbAcabo de entrar en los Estados Unidos y no s\u00e9 c\u00f3mo obtener mi I-94. \u00bfQu\u00e9 debo hacer?\u00bb tab_id=\u00bb1500902892355-d461b13f-b1fa\u00bb][vc_column_text]<\/p>\n<p class=\"p1\"><span class=\"s1\">Visite, <a href=\"http:\/\/www.cbp.gov\/i94\"><span class=\"s2\">www.cbp.gov\/i94<\/span><\/a>,<span class=\"Apple-converted-space\">\u00a0 <\/span>para lo que necesitar\u00e1 su pasaporte a mano.<\/span><\/p>\n<p>[\/vc_column_text][\/vc_tta_section][\/vc_tta_accordion][vc_empty_space height=\u00bb76px\u00bb]<div class=\"reviews\"><div class=\"owl-carousel\"><div class=\"item\"><blockquote><p class=\"qtranxs-available-languages-message qtranxs-available-languages-message-es\">Disculpa, pero esta entrada est\u00e1 disponible s\u00f3lo en <a href=\"https:\/\/thecslaw.com\/en\/wp-json\/wp\/v2\/pages\/47\" class=\"qtranxs-available-language-link qtranxs-available-language-link-en\" title=\"ENG\">ENG<\/a>.<\/p><\/blockquote><\/div><div class=\"item\"><blockquote><p class=\"qtranxs-available-languages-message qtranxs-available-languages-message-es\">Disculpa, pero esta entrada est\u00e1 disponible s\u00f3lo en <a href=\"https:\/\/thecslaw.com\/en\/wp-json\/wp\/v2\/pages\/47\" class=\"qtranxs-available-language-link qtranxs-available-language-link-en\" title=\"ENG\">ENG<\/a>.<\/p><\/blockquote><\/div><div class=\"item\"><blockquote><p class=\"qtranxs-available-languages-message qtranxs-available-languages-message-es\">Disculpa, pero esta entrada est\u00e1 disponible s\u00f3lo en <a href=\"https:\/\/thecslaw.com\/en\/wp-json\/wp\/v2\/pages\/47\" class=\"qtranxs-available-language-link qtranxs-available-language-link-en\" title=\"ENG\">ENG<\/a>.<\/p><\/blockquote><\/div><\/div><p>Click Avvo to See More Reviews<\/p><a href=\"https:\/\/www.avvo.com\/attorneys\/32811-fl-ana-senior-4581829.html\"><img loading=\"lazy\" decoding=\"async\" src=\"https:\/\/thecslaw.com\/wp-content\/themes\/anasenior\/assets\/images\/avvo-black.png\" alt=\"Ana Senior on Avvo\" width=\"101\" height=\"29\" \/><\/a><\/div>[\/vc_column][vc_column width=\u00bb1\/3&#8243; el_class=\u00bbsidebar\u00bb]<div class='news-cover'><h2><span>Nuestro<\/span> Blog<\/h2><a href='http:\/\/thecslaw.com\/es\/latest-news\/' class='btn-corner btn-corner-yellow'>Ver<\/a><\/div><div class='news'><div class=\"post\"><div class=\"post clearfix\">\n\t<a href=\"https:\/\/thecslaw.com\/es\/daca-announcement-2017\/\" rel=\"bookmark\">\n\t\t\t<\/a>\n    <div class=\"post-content\">\n\t\t<h3 class=\"post-title\"><a href=\"https:\/\/thecslaw.com\/es\/daca-announcement-2017\/\" rel=\"bookmark\">DACA Announcement 2017<\/a><\/h3>        <div class=\"post-meta\">In <a href=\"https:\/\/thecslaw.com\/es\/category\/immigration\/\" rel=\"category tag\">Immigration<\/a><\/div>\n        <div class=\"post-date\"><time class=\"entry-date published updated\" datetime=\"2017-09-06T17:58:45+00:00\">06 de September de 2017<\/time><\/div>\n        <div class=\"post-summary\"><p>Disculpa, pero esta entrada est\u00e1 disponible s\u00f3lo en ENG.<\/p>\n<\/div>\n    <\/div>\n<\/div><\/div><\/div>[\/vc_column][\/vc_row][vc_row][vc_column]<section class='cta-small'>\n    <div class='container'>\n        <div class='cta' style='background-image: url(https:\/\/thecslaw.com\/wp-content\/uploads\/2017\/07\/cta-cityscape.jpg);'>\n            <h2>Estamos Aqu\u00ed para Ayudar<\/h2>\n            <p><strong>Perm\u00edtanos hacer su proceso m\u00e1s f\u00e1cil<\/strong><\/p>\n            <p><a href='http:\/\/thecslaw.com\/es\/contact\/' class='btn btn-white'>Cont\u00e1ctenos<\/a><\/p>\n            <p><small><a href='http:\/\/thecslaw.com\/en\/immigration-law\/'>We Speak English<\/a><\/small><\/p>\n        <\/div>\n    <\/div>\n<\/section>[\/vc_column][\/vc_row][vc_row][vc_column width=\u00bb1\/12&#8243;][\/vc_column][vc_column width=\u00bb5\/12&#8243;]<div class='content-box'>\n    <h2>\n        <span class='small'>Sigue leyendo<\/span>\n        Derecho De\n        <span class='yellow'>Empresarial<\/span>\n    <\/h2>\n    <a href='http:\/\/thecslaw.com\/es\/business-law\/' class='btn-corner btn-corner-blue'>Aprender m\u00e1s<\/a>\n<\/div>[\/vc_column][vc_column width=\u00bb5\/12&#8243;]<div class='content-box'>\n    <h2>\n        <span class='small'>Sigue leyendo<\/span>\n        derecho de\n        <span class='yellow'>Planificaci\u00f3n Patrimonial<\/span>\n    <\/h2>\n    <a href='http:\/\/thecslaw.com\/es\/estate-planning\/' class='btn-corner btn-corner-blue'>Aprender m\u00e1s<\/a>\n<\/div>[\/vc_column][vc_column width=\u00bb1\/12&#8243;][\/vc_column][\/vc_row]<\/p>","protected":false},"excerpt":{"rendered":"<p>[vc_row css=\u00bb.vc_custom_1501239763915{padding-top: 50px !important;}\u00bb][vc_column width=\u00bb2\/3&#8243; el_class=\u00bbmain-column\u00bb][vc_column_text] Consultas de Inmigraci\u00f3n Ubicados en Orlando, FL, Chandoke Senior, P.A., puede representarlo desde cualquier parte del mundo para todas sus necesidades de inmigraci\u00f3n. Contacte a la Abogada Chandoke Senior hoy para\u00a0 estructurar el mejor plan de inmigraci\u00f3n para Usted y su familia, y as\u00ed podamos darle la bienvenida a &hellip;<br \/><a href=\"https:\/\/thecslaw.com\/es\/daca-announcement-2017\/\">Read More<\/a><\/p>\n","protected":false},"author":1,"featured_media":338,"parent":0,"menu_order":0,"comment_status":"closed","ping_status":"closed","template":"page-wide.php","meta":{"_exactmetrics_skip_tracking":false,"_exactmetrics_sitenote_active":false,"_exactmetrics_sitenote_note":"","_exactmetrics_sitenote_category":0,"footnotes":""},"class_list":["post-47","page","type-page","status-publish","has-post-thumbnail","hentry"],"yoast_head":"<!-- This site is optimized with the Yoast SEO plugin v19.6.1 - https:\/\/yoast.com\/wordpress\/plugins\/seo\/ -->\n<title>Derecho de Inmigraci\u00f3n - CROSSOVER IMMIGRATION SOLUTIONS, PA<\/title>\n<meta name=\"robots\" content=\"index, follow, max-snippet:-1, max-image-preview:large, max-video-preview:-1\" \/>\n<link rel=\"canonical\" href=\"https:\/\/thecslaw.com\/immigration-law\/\" \/>\n<meta property=\"og:locale\" content=\"es_ES\" \/>\n<meta property=\"og:type\" content=\"article\" \/>\n<meta property=\"og:title\" content=\"Derecho de Inmigraci\u00f3n - CROSSOVER IMMIGRATION SOLUTIONS, PA\" \/>\n<meta property=\"og:description\" content=\"[vc_row css=\u00bb.vc_custom_1501239763915{padding-top: 50px !important;}\u00bb][vc_column width=\u00bb2\/3&#8243; el_class=\u00bbmain-column\u00bb][vc_column_text] Consultas de Inmigraci\u00f3n Ubicados en Orlando, FL, Chandoke Senior, P.A., puede representarlo desde cualquier parte del mundo para todas sus necesidades de inmigraci\u00f3n. Contacte a la Abogada Chandoke Senior hoy para\u00a0 estructurar el mejor plan de inmigraci\u00f3n para Usted y su familia, y as\u00ed podamos darle la bienvenida a &hellip;Read More\" \/>\n<meta property=\"og:url\" content=\"https:\/\/thecslaw.com\/immigration-law\/\" \/>\n<meta property=\"og:site_name\" content=\"CROSSOVER IMMIGRATION SOLUTIONS, PA\" \/>\n<meta property=\"article:modified_time\" content=\"2025-02-10T17:31:43+00:00\" \/>\n<meta property=\"og:image\" content=\"https:\/\/thecslaw.com\/wp-content\/uploads\/2017\/07\/title-immigration.jpg\" \/>\n\t<meta property=\"og:image:width\" content=\"1381\" \/>\n\t<meta property=\"og:image:height\" content=\"545\" \/>\n\t<meta property=\"og:image:type\" content=\"image\/jpeg\" \/>\n<meta name=\"twitter:card\" content=\"summary\" \/>\n<meta name=\"twitter:label1\" content=\"Tiempo de lectura\" \/>\n\t<meta name=\"twitter:data1\" content=\"4 minutos\" \/>\n<script type=\"application\/ld+json\" class=\"yoast-schema-graph\">{\"@context\":\"https:\/\/schema.org\",\"@graph\":[{\"@type\":\"WebPage\",\"@id\":\"https:\/\/thecslaw.com\/immigration-law\/\",\"url\":\"https:\/\/thecslaw.com\/immigration-law\/\",\"name\":\"Derecho de Inmigraci\u00f3n - CROSSOVER IMMIGRATION SOLUTIONS, PA\",\"isPartOf\":{\"@id\":\"https:\/\/thecslaw.com\/#website\"},\"datePublished\":\"2017-07-21T15:05:29+00:00\",\"dateModified\":\"2025-02-10T17:31:43+00:00\",\"breadcrumb\":{\"@id\":\"https:\/\/thecslaw.com\/immigration-law\/#breadcrumb\"},\"inLanguage\":\"es\",\"potentialAction\":[{\"@type\":\"ReadAction\",\"target\":[\"https:\/\/thecslaw.com\/immigration-law\/\"]}]},{\"@type\":\"BreadcrumbList\",\"@id\":\"https:\/\/thecslaw.com\/immigration-law\/#breadcrumb\",\"itemListElement\":[{\"@type\":\"ListItem\",\"position\":1,\"name\":\"Home\",\"item\":\"https:\/\/thecslaw.com\/\"},{\"@type\":\"ListItem\",\"position\":2,\"name\":\"Immigration Law\"}]},{\"@type\":\"WebSite\",\"@id\":\"https:\/\/thecslaw.com\/#website\",\"url\":\"https:\/\/thecslaw.com\/\",\"name\":\"CROSSOVER IMMIGRATION SOLUTIONS, PA\",\"description\":\"Immigration &amp; Business Law in Orlando, FL\",\"publisher\":{\"@id\":\"https:\/\/thecslaw.com\/#organization\"},\"potentialAction\":[{\"@type\":\"SearchAction\",\"target\":{\"@type\":\"EntryPoint\",\"urlTemplate\":\"https:\/\/thecslaw.com\/?s={search_term_string}\"},\"query-input\":\"required name=search_term_string\"}],\"inLanguage\":\"es\"},{\"@type\":\"Organization\",\"@id\":\"https:\/\/thecslaw.com\/#organization\",\"name\":\"Ana Senior Law, PA\",\"url\":\"https:\/\/thecslaw.com\/\",\"sameAs\":[],\"logo\":{\"@type\":\"ImageObject\",\"inLanguage\":\"es\",\"@id\":\"https:\/\/thecslaw.com\/#\/schema\/logo\/image\/\",\"url\":\"https:\/\/thecslaw.com\/wp-content\/uploads\/2017\/08\/Logo_Horizontal_Blue-Small.png\",\"contentUrl\":\"https:\/\/thecslaw.com\/wp-content\/uploads\/2017\/08\/Logo_Horizontal_Blue-Small.png\",\"width\":365,\"height\":351,\"caption\":\"Ana Senior Law, PA\"},\"image\":{\"@id\":\"https:\/\/thecslaw.com\/#\/schema\/logo\/image\/\"}}]}<\/script>\n<!-- \/ Yoast SEO plugin. -->","yoast_head_json":{"title":"Derecho de Inmigraci\u00f3n - CROSSOVER IMMIGRATION SOLUTIONS, PA","robots":{"index":"index","follow":"follow","max-snippet":"max-snippet:-1","max-image-preview":"max-image-preview:large","max-video-preview":"max-video-preview:-1"},"canonical":"https:\/\/thecslaw.com\/immigration-law\/","og_locale":"es_ES","og_type":"article","og_title":"Derecho de Inmigraci\u00f3n - CROSSOVER IMMIGRATION SOLUTIONS, PA","og_description":"[vc_row css=\u00bb.vc_custom_1501239763915{padding-top: 50px !important;}\u00bb][vc_column width=\u00bb2\/3&#8243; el_class=\u00bbmain-column\u00bb][vc_column_text] Consultas de Inmigraci\u00f3n Ubicados en Orlando, FL, Chandoke Senior, P.A., puede representarlo desde cualquier parte del mundo para todas sus necesidades de inmigraci\u00f3n. Contacte a la Abogada Chandoke Senior hoy para\u00a0 estructurar el mejor plan de inmigraci\u00f3n para Usted y su familia, y as\u00ed podamos darle la bienvenida a &hellip;Read More","og_url":"https:\/\/thecslaw.com\/immigration-law\/","og_site_name":"CROSSOVER IMMIGRATION SOLUTIONS, PA","article_modified_time":"2025-02-10T17:31:43+00:00","og_image":[{"width":1381,"height":545,"url":"https:\/\/thecslaw.com\/wp-content\/uploads\/2017\/07\/title-immigration.jpg","type":"image\/jpeg"}],"twitter_card":"summary","twitter_misc":{"Tiempo de lectura":"4 minutos"},"schema":{"@context":"https:\/\/schema.org","@graph":[{"@type":"WebPage","@id":"https:\/\/thecslaw.com\/immigration-law\/","url":"https:\/\/thecslaw.com\/immigration-law\/","name":"Derecho de Inmigraci\u00f3n - CROSSOVER IMMIGRATION SOLUTIONS, PA","isPartOf":{"@id":"https:\/\/thecslaw.com\/#website"},"datePublished":"2017-07-21T15:05:29+00:00","dateModified":"2025-02-10T17:31:43+00:00","breadcrumb":{"@id":"https:\/\/thecslaw.com\/immigration-law\/#breadcrumb"},"inLanguage":"es","potentialAction":[{"@type":"ReadAction","target":["https:\/\/thecslaw.com\/immigration-law\/"]}]},{"@type":"BreadcrumbList","@id":"https:\/\/thecslaw.com\/immigration-law\/#breadcrumb","itemListElement":[{"@type":"ListItem","position":1,"name":"Home","item":"https:\/\/thecslaw.com\/"},{"@type":"ListItem","position":2,"name":"Immigration Law"}]},{"@type":"WebSite","@id":"https:\/\/thecslaw.com\/#website","url":"https:\/\/thecslaw.com\/","name":"CROSSOVER IMMIGRATION SOLUTIONS, PA","description":"Immigration &amp; Business Law in Orlando, FL","publisher":{"@id":"https:\/\/thecslaw.com\/#organization"},"potentialAction":[{"@type":"SearchAction","target":{"@type":"EntryPoint","urlTemplate":"https:\/\/thecslaw.com\/?s={search_term_string}"},"query-input":"required name=search_term_string"}],"inLanguage":"es"},{"@type":"Organization","@id":"https:\/\/thecslaw.com\/#organization","name":"Ana Senior Law, PA","url":"https:\/\/thecslaw.com\/","sameAs":[],"logo":{"@type":"ImageObject","inLanguage":"es","@id":"https:\/\/thecslaw.com\/#\/schema\/logo\/image\/","url":"https:\/\/thecslaw.com\/wp-content\/uploads\/2017\/08\/Logo_Horizontal_Blue-Small.png","contentUrl":"https:\/\/thecslaw.com\/wp-content\/uploads\/2017\/08\/Logo_Horizontal_Blue-Small.png","width":365,"height":351,"caption":"Ana Senior Law, PA"},"image":{"@id":"https:\/\/thecslaw.com\/#\/schema\/logo\/image\/"}}]}},"_links":{"self":[{"href":"https:\/\/thecslaw.com\/es\/wp-json\/wp\/v2\/pages\/47","targetHints":{"allow":["GET"]}}],"collection":[{"href":"https:\/\/thecslaw.com\/es\/wp-json\/wp\/v2\/pages"}],"about":[{"href":"https:\/\/thecslaw.com\/es\/wp-json\/wp\/v2\/types\/page"}],"author":[{"embeddable":true,"href":"https:\/\/thecslaw.com\/es\/wp-json\/wp\/v2\/users\/1"}],"replies":[{"embeddable":true,"href":"https:\/\/thecslaw.com\/es\/wp-json\/wp\/v2\/comments?post=47"}],"version-history":[{"count":38,"href":"https:\/\/thecslaw.com\/es\/wp-json\/wp\/v2\/pages\/47\/revisions"}],"predecessor-version":[{"id":556,"href":"https:\/\/thecslaw.com\/es\/wp-json\/wp\/v2\/pages\/47\/revisions\/556"}],"wp:featuredmedia":[{"embeddable":true,"href":"https:\/\/thecslaw.com\/es\/wp-json\/wp\/v2\/media\/338"}],"wp:attachment":[{"href":"https:\/\/thecslaw.com\/es\/wp-json\/wp\/v2\/media?parent=47"}],"curies":[{"name":"wp","href":"https:\/\/api.w.org\/{rel}","templated":true}]}}